{"id":2,"date":"2016-05-10T03:48:21","date_gmt":"2016-05-10T03:48:21","guid":{"rendered":"http:\/\/music-juniors.ch\/?page_id=2"},"modified":"2025-04-24T07:33:08","modified_gmt":"2025-04-24T07:33:08","slug":"sample-page","status":"publish","type":"page","link":"https:\/\/www.music-juniors.ch\/","title":{"rendered":"Wyna Valley Music Juniors"},"content":{"rendered":"<p><strong>Idee<\/strong><\/p>\n<p>Aus einer gelungenen Einlage der Musikantenkinder am Weihnachtsh\u00f6ck ist eine Idee entstanden, die an den vergangenen Jahreskonzerten den Anfang nahm: Die Wyna Valley Music Juniors. Wir m\u00f6chten den Kid\u2018s m\u00f6glichst fr\u00fch einen Einstieg ins gemeinsame Musizieren bieten. Das Instrument spielt dabei keine Rolle!<br \/>\nDer Spass an der Musik und am gemeinsamen Musizieren soll im Vordergrund stehen: Gelegentliche Auftritte, um das Gelernte zu pr\u00e4sentieren, aber nicht zu viele Proben, um den Spass nicht zu verlieren.<br \/>\nKennen Sie ein Kind, das Interesse hat bei den \u201eJuniors\u201c mitzuspielen? Wir freuen uns auf Ihre Kontaktaufnahme!<\/p>\n<p><strong>Info<\/strong><\/p>\n<p>Das Projekt wird von den Musikgesellschaften Teufenthal und Unterkulm, der Musikgesellschaft Oberkulm und zuk\u00fcnftig hoffentlich auch von weiteren Musikgesellschaften unterst\u00fctzt. Es ist offen f\u00fcr alle interessierten Kinder aus dem Wynental und der n\u00e4heren Umgebung. Ein kleiner Unkostenbeitrag von 20 Franken pro Halbjahr ist vorgesehen.Die Proben finden im Musiklokal im Schulhaus Landstrasse in Unterkulm statt. Instrumente sind von der Blockfl\u00f6te \u00fcber Trompete bis zu Saiteninstrumente alle willkommen.Die Juniors verstehen sich nicht als Konkurrenten zu Jugendmusiken, Ensembles und Musikgesellschaften. Sie sind eine Vorstufe f\u00fcr den n\u00e4chsten musikalischen Schritt in ein Fortgeschrittenen-Ensemble.<\/p>\n<p><strong>Probetermine:<\/strong><\/p>\n<p>aktuell Proben die Juniors in der Schulzeit jeweils am Donnerstagabend zwischen 19 und 19:45 Uhr<\/p>\n<p><strong>Vorgesehene Auftritte:<\/strong><\/p>\n<ul>\n<li>Tag der Musik<\/li>\n<li>Waldfest der Musikgesellschaft Teufenthal &#8211; Unterkulm<\/li>\n<\/ul>\n<p><strong>Dirigent<\/strong><\/p>\n<p><strong>Rupert Hunz<\/strong><\/p>\n<p>Rupert studierte bei Christian Polt\u00e9ra in Luzern und bei Thomas Demenga in Basel, wo er sein Studium mit Auszeichnung abschloss. Er unterrichtet an den Musikschulen Kulm und Beinwil am See Cello. Neben seiner Unterrichtst\u00e4tigkeit spielt Rupert als Zuz\u00fcger in Orchestern wie dem City Light Symphony Orchestra und der Camerata Cantabile.<\/p>\n<p><strong>Kontakt<\/strong><\/p>\n<p>Anmeldung\/Auskunft:<\/p>\n<p>Wyna Valley Music Juniors<br \/>\nThomas Kaspar 079 470 29 88 | info@music-juniors.ch<\/p>\n<p><!-- {\"name\":\"\",\"type\":\"layout\",\"children\":[{\"name\":\"Hero\",\"type\":\"section\",\"props\":{\"style\":\"default\",\"width\":\"default\",\"vertical_align\":\"bottom\",\"title_position\":\"top-left\",\"title_rotation\":\"left\",\"title_breakpoint\":\"xl\",\"image_position\":\"center-right\",\"padding\":\"large\",\"header_transparent\":\"dark\",\"header_transparent_noplaceholder\":true,\"class\":\"demo\",\"image\":\"wp-content\\\/uploads\\\/2018\\\/04\\\/music-juniors-titelbild.jpg\",\"height\":\"full\",\"image_size\":\"cover\",\"image_effect\":\"\",\"image_visibility\":\"\",\"image_parallax_bgx_start\":\"0\",\"image_parallax_bgx_end\":\"-60\",\"image_parallax_bgy_end\":\"\",\"image_parallax_bgy_start\":\"\",\"image_width\":\"2560\",\"image_height\":\"1600\",\"overlap\":true,\"media_background\":\"#aaaaaa\"},\"children\":[{\"name\":\"\",\"type\":\"row\",\"props\":{\"fixed_width\":\"large\",\"breakpoint\":\"m\",\"layout\":\"1-1\"},\"children\":[{\"name\":\"\",\"type\":\"column\",\"props\":{\"widths\":[\"1-1\"],\"image_position\":\"center-center\",\"image\":\"\",\"image_effect\":\"parallax\",\"image_parallax_bgx_start\":\"\",\"image_parallax_bgx_end\":\"\",\"image_parallax_bgy_start\":-10,\"image_parallax_bgy_end\":-90,\"image_width\":\"\",\"image_height\":\"\",\"text_color\":\"light\"},\"children\":[{\"name\":\"\",\"type\":\"image\",\"props\":{\"margin\":\"default\",\"image\":\"wp-content\\\/uploads\\\/2018\\\/04\\\/music-juniors-logo.gif\",\"image_width\":\"\",\"image_height\":\"\",\"text_align\":\"center\",\"animation\":\"parallax\",\"parallax_opacity_start\":\"1\",\"parallax_opacity_end\":\"0\",\"parallax_y_start\":\"0\",\"parallax_y_end\":\"60\",\"visibility\":\"\",\"parallax_breakpoint\":\"m\",\"image_box_shadow\":\"\"}}]}]}]},{\"name\":\"Idee\",\"type\":\"section\",\"props\":{\"width\":\"default\",\"padding\":\"xlarge\",\"style\":\"default\",\"text_color\":\"\",\"media\":\"\",\"height_viewport\":false,\"header_overlay\":\"light\",\"animation\":\"fade\",\"padding_remove_top\":false,\"image_size\":\"\",\"image_position\":\"center-right\",\"vertical_align\":\"middle\",\"title_position\":\"top-left\",\"title_rotation\":\"left\",\"title_breakpoint\":\"xl\",\"image\":\"\",\"height\":\"\",\"image_visibility\":\"xl\",\"image_effect\":\"\",\"image_parallax_bgy_start\":\"\",\"image_parallax_bgy_end\":\"\",\"padding_remove_bottom\":false,\"image_parallax_breakpoint\":\"s\",\"id\":\"idee\",\"image_parallax_bgx_start\":\"\",\"image_parallax_bgx_end\":\"\",\"css\":\"\",\"image_width\":\"1100\",\"image_height\":\"890\",\"overlap\":false,\"animation_delay\":false},\"children\":[{\"name\":\"\",\"type\":\"row\",\"props\":{\"layout\":\"1-1\",\"breakpoint\":\"m\",\"margin\":\"default\",\"fixed_width\":\"large\",\"vertical_align\":true,\"gutter\":\"large\",\"match\":false,\"order_last\":false,\"width\":\"\",\"divider\":false},\"children\":[{\"name\":\"\",\"type\":\"column\",\"props\":{\"image_position\":\"top-left\",\"widths\":[\"1-1\"],\"image\":\"\",\"css\":\"\",\"image_effect\":\"\",\"image_parallax_bgy_start\":\"\",\"image_parallax_bgy_end\":\"\",\"image_width\":\"\",\"image_height\":\"\",\"image_visibility\":\"m\",\"image_size\":\"\",\"style\":\"\",\"padding\":\"\"},\"children\":[{\"name\":\"\",\"type\":\"headline\",\"props\":{\"title_element\":\"h2\",\"content\":\"Idee\",\"title_style\":\"heading-primary\",\"maxwidth\":\"xxlarge\",\"text_align\":\"left\",\"text_align_breakpoint\":\"\",\"text_align_fallback\":\"\",\"maxwidth_align\":\"\",\"animation\":\"\",\"parallax_y_start\":\"\",\"parallax_y_end\":\"\",\"parallax_opacity_start\":\"\",\"parallax_opacity_end\":\"\",\"parallax_viewport\":\"\",\"parallax_x_start\":\"\",\"parallax_x_end\":\"\",\"parallax_target\":false}},{\"name\":\"\",\"type\":\"text\",\"props\":{\"margin\":\"default\",\"column_breakpoint\":\"m\",\"content\":\"<img class=\\\"alignright  wp-image-96\\\" src=\\\"https:\\\/\\\/www.music-juniors.ch\\\/wp-content\\\/uploads\\\/2021\\\/11\\\/juniors-300x191.png\\\" alt=\\\"\\\" width=\\\"311\\\" height=\\\"198\\\" \\\/>Aus einer gelungenen Einlage der Musikantenkinder am Weihnachtsh\\u00f6ck ist eine Idee entstanden, die an den vergangenen Jahreskonzerten den Anfang nahm: Die Wyna Valley Music Juniors. Wir m\\u00f6chten den Kid\\u2018s m\\u00f6glichst fr\\u00fch einen Einstieg ins gemeinsame Musizieren bieten. Das Instrument spielt dabei keine Rolle!<\\\/p>\\nDer Spass an der Musik und am gemeinsamen Musizieren soll im Vordergrund stehen: Gelegentliche Auftritte, um das Gelernte zu pr\\u00e4sentieren, aber nicht zu viele Proben, um den Spass nicht zu verlieren.<\\\/p>\\nKennen Sie ein Kind, <br \\\/>das Interesse hat bei <br \\\/>den \\u201eJuniors\\u201c mitzuspielen? <br \\\/>Wir freuen uns auf Ihre <br \\\/>Kontaktaufnahme!<\\\/p>\"}},{\"name\":\"\",\"type\":\"button\",\"props\":{\"gutter\":\"\",\"margin\":\"medium\",\"text_align\":\"left\",\"text_align_breakpoint\":\"\",\"text_align_fallback\":\"\",\"animation\":\"\",\"parallax_opacity_start\":\"0.2\",\"parallax_opacity_end\":\"1\",\"parallax_viewport\":\"0.3\",\"parallax_easing\":0.6999999999999999555910790149937383830547332763671875,\"parallax_y_start\":\"20\",\"parallax_y_end\":\"0\",\"button_size\":\"large\",\"maxwidth\":\"xxlarge\"},\"children\":[{\"name\":\"\",\"type\":\"button_item\",\"props\":{\"button_style\":\"text\",\"icon_align\":\"left\",\"content\":\"Nehmen sie Kontakt auf\",\"link\":\"#\"}}]}]}]}]},{\"name\":\"Info\",\"type\":\"section\",\"props\":{\"style\":\"default\",\"width\":\"default\",\"vertical_align\":\"middle\",\"title_position\":\"top-left\",\"title_rotation\":\"left\",\"title_breakpoint\":\"xl\",\"image_position\":\"center-center\",\"title\":\"Infos\",\"id\":\"info\"},\"children\":[{\"name\":\"\",\"type\":\"row\",\"props\":{\"fixed_width\":\"large\",\"breakpoint\":\"m\",\"layout\":\"1-1\"},\"children\":[{\"name\":\"\",\"type\":\"column\",\"props\":{\"widths\":[\"1-1\"],\"image_position\":\"center-center\"},\"children\":[{\"name\":\"\",\"type\":\"headline\",\"props\":{\"title_element\":\"h1\",\"content\":\"Info\"}},{\"name\":\"\",\"type\":\"text\",\"props\":{\"margin\":\"default\",\"column_breakpoint\":\"m\",\"content\":\"Das Projekt wird von den Musikgesellschaften Teufenthal und Unterkulm, der Musikgesellschaft Oberkulm und zuk\\u00fcnftig hoffentlich auch von weiteren Musikgesellschaften unterst\\u00fctzt. Es ist offen f\\u00fcr alle interessierten Kinder aus dem Wynental und der n\\u00e4heren Umgebung. Ein kleiner Unkostenbeitrag von 20 Franken pro Halbjahr ist vorgesehen.<br \\\/>Die Proben finden im Musiklokal im Schulhaus Landstrasse in Unterkulm statt. Instrumente sind von der Blockfl\\u00f6te \\u00fcber Trompete bis zu Saiteninstrumente alle willkommen.<br \\\/>Die Juniors verstehen sich nicht als Konkurrenten zu Jugendmusiken, Ensembles und Musikgesellschaften. Sie sind eine Vorstufe f\\u00fcr den n\\u00e4chsten musikalischen Schritt in ein Fortgeschrittenen-Ensemble.<\\\/p>\"}}]}]},{\"name\":\"\",\"type\":\"row\",\"props\":{\"fixed_width\":\"large\",\"breakpoint\":\"m\",\"layout\":\"1-1\"},\"children\":[{\"name\":\"\",\"type\":\"column\",\"props\":{\"widths\":[\"1-1\"],\"image_position\":\"center-center\"}}]}]},{\"name\":\"Termine\",\"type\":\"section\",\"props\":{\"style\":\"muted\",\"width\":\"default\",\"vertical_align\":\"middle\",\"title_position\":\"top-left\",\"title_rotation\":\"left\",\"title_breakpoint\":\"xl\",\"image_position\":\"center-center\",\"padding_remove_bottom\":false,\"animation\":\"fade\",\"id\":\"termine\"},\"children\":[{\"name\":\"\",\"type\":\"row\",\"props\":{\"fixed_width\":\"large\",\"breakpoint\":\"m\",\"layout\":\"1-1\"},\"children\":[{\"name\":\"\",\"type\":\"column\",\"props\":{\"widths\":[\"1-1\"],\"image_position\":\"center-center\"},\"children\":[{\"name\":\"\",\"type\":\"headline\",\"props\":{\"title_element\":\"h2\",\"content\":\"Termine\",\"title_style\":\"heading-primary\",\"text_align\":\"left\",\"text_align_breakpoint\":\"\",\"text_align_fallback\":\"\",\"animation\":\"\",\"parallax_opacity_start\":\"\",\"parallax_opacity_end\":\"\",\"parallax_easing\":\"\",\"parallax_y_start\":\"\",\"parallax_y_end\":\"\",\"parallax_viewport\":\"\"}}]}]},{\"name\":\"\",\"type\":\"row\",\"props\":{\"fixed_width\":\"large\",\"breakpoint\":\"m\",\"layout\":\"1-1\"},\"children\":[{\"name\":\"\",\"type\":\"column\",\"props\":{\"widths\":[\"1-1\"],\"image_position\":\"center-center\"},\"children\":[{\"name\":\"test\",\"type\":\"list\",\"props\":{\"show_image\":true,\"show_link\":true,\"image_align\":\"left\"},\"children\":[{\"name\":\"\",\"type\":\"list_item\",\"props\":{\"content\":\"Probetermine:<br \\\/>aktuell Proben die Juniors in der Schulzeit jeweils am Dienstagabend zwischen 19 und 19:45 Uhr<\\\/p>\\nVorgesehene Auftritte:<\\\/p>\\n\n\n\n<ul>\\n\n \t\n\n<li>Jahreskonzerte 2022 der Musikgesellschaften Teufenthal und Unterkulm<br \\\/>18. und 19. Februar 2022<br \\\/><br \\\/><\\\/li>\\n<\\\/ul>\"}}]}]}]}]},{\"name\":\"Dirigent\",\"type\":\"section\",\"props\":{\"style\":\"default\",\"width\":\"default\",\"vertical_align\":\"middle\",\"title_position\":\"top-left\",\"title_rotation\":\"left\",\"title_breakpoint\":\"xl\",\"image_position\":\"center-center\",\"padding\":\"large\",\"overlap\":false,\"padding_remove_bottom\":false,\"animation\":\"fade\",\"id\":\"dirigent\"},\"children\":[{\"name\":\"\",\"type\":\"row\",\"props\":{\"fixed_width\":\"large\",\"breakpoint\":\"m\",\"layout\":\"1-1\",\"margin\":\"large\"},\"children\":[{\"name\":\"\",\"type\":\"column\",\"props\":{\"widths\":[\"1-1\"],\"image_position\":\"center-center\"},\"children\":[{\"name\":\"\",\"type\":\"headline\",\"props\":{\"title_element\":\"h2\",\"content\":\"Dirigent\",\"title_style\":\"heading-primary\",\"text_align\":\"left\",\"text_align_breakpoint\":\"\",\"text_align_fallback\":\"\",\"animation\":\"\",\"parallax_opacity_start\":\"\",\"parallax_opacity_end\":\"\",\"parallax_easing\":\"\",\"parallax_y_start\":\"\",\"parallax_y_end\":\"\",\"parallax_viewport\":\"\"}}]}]},{\"name\":\"\",\"type\":\"row\",\"props\":{\"fixed_width\":\"large\",\"breakpoint\":\"m\",\"layout\":\"1-1\"},\"children\":[{\"name\":\"\",\"type\":\"column\",\"props\":{\"widths\":[\"1-1\"],\"image_position\":\"center-center\"},\"children\":[{\"name\":\"\",\"type\":\"text\",\"props\":{\"margin\":\"default\",\"column_breakpoint\":\"m\",\"content\":\"<img class=\\\"alignright size-medium wp-image-92\\\" src=\\\"https:\\\/\\\/www.music-juniors.ch\\\/wp-content\\\/uploads\\\/2021\\\/11\\\/rafal_jastzebski-168x300.jpg\\\" alt=\\\"\\\" width=\\\"168\\\" height=\\\"300\\\" \\\/>Rafal Jastrzebski ist geb\\u00fcrtiger Pole, verheiratet, stolzer Papa und wohnt in D\\u00e4niken. Er hat in Polen das Musikgymnasium besucht und an der Musikakademie ein Magisterstudium an der Fakult\\u00e4t f\\u00fcr Chordirigentur, Musikerziehung und Big Band Leitung abgeschlossen.<br \\\/>An der Hochschule Luzern hat er im 2017 den Abschluss zum Master in Musikp\\u00e4dagogik mit Erfolg bestanden. Er ist Multiinstrumentalist und spielt Saxophon, Klarinette, Klavier und Querfl\\u00f6te. F\\u00fcnf Jahre war er im Zirkusorchester des Zirkus Monti t\\u00e4tig und leitete es auch interimsm\\u00e4ssig.<\\\/p>\"}}]}]}]},{\"name\":\"Kontakt\",\"type\":\"section\",\"props\":{\"style\":\"muted\",\"width\":\"default\",\"vertical_align\":\"middle\",\"title_position\":\"top-left\",\"title_rotation\":\"left\",\"title_breakpoint\":\"xl\",\"image_position\":\"bottom-right\",\"padding\":\"xlarge\",\"image\":\"\",\"image_width\":\"\",\"image_height\":\"1090\",\"overlap\":true,\"image_size\":\"\",\"animation\":\"fade\",\"id\":\"kontakt\"},\"children\":[{\"name\":\"\",\"type\":\"row\",\"props\":{\"fixed_width\":\"large\",\"breakpoint\":\"m\",\"layout\":\"1-1\",\"margin\":\"large\"},\"children\":[{\"name\":\"\",\"type\":\"column\",\"props\":{\"widths\":[\"1-1\"],\"image_position\":\"center-center\"},\"children\":[{\"name\":\"\",\"type\":\"headline\",\"props\":{\"title_element\":\"h2\",\"content\":\"Kontakt\",\"title_style\":\"heading-primary\",\"text_align\":\"left\",\"text_align_breakpoint\":\"\",\"text_align_fallback\":\"\",\"animation\":\"\",\"parallax_opacity_start\":\"\",\"parallax_opacity_end\":\"\",\"parallax_easing\":\"\",\"parallax_y_start\":\"\",\"parallax_y_end\":\"\",\"parallax_viewport\":\"\"}}]}]},{\"name\":\"\",\"type\":\"row\",\"props\":{\"fixed_width\":\"large\",\"breakpoint\":\"m\",\"layout\":\"1-1\"},\"children\":[{\"name\":\"\",\"type\":\"column\",\"props\":{\"widths\":[\"1-1\"],\"image_position\":\"center-center\"},\"children\":[{\"name\":\"\",\"type\":\"text\",\"props\":{\"margin\":\"default\",\"column_breakpoint\":\"m\",\"content\":\"Anmeldung\\\/Auskunft:<br \\\/>Wyna Valley Music Juniors <br \\\/>Thomas Kaspar <br \\\/>079 470 29 88 | info@music-juniors.ch<br \\\/>Rafal Jastrzebski<br \\\/>079 905 27 62 | dirigent@music-juniors.ch<\\\/p>\"}}]}]}]}]} --><\/p>\n","protected":false},"excerpt":{"rendered":"<p>Idee Aus einer gelungenen Einlage der Musikantenkinder am Weihnachtsh\u00f6ck ist eine Idee entstanden, die an den vergangenen Jahreskonzerten den Anfang nahm: Die Wyna Valley Music Juniors. Wir m\u00f6chten den Kid\u2018s m\u00f6glichst fr\u00fch einen Einstieg ins gemeinsame Musizieren bieten. Das Instrument spielt dabei keine Rolle! Der Spass an der Musik und am gemeinsamen Musizieren soll im &hellip; <\/p>\n<p class=\"link-more\"><a href=\"https:\/\/www.music-juniors.ch\/\" class=\"more-link\"><span class=\"screen-reader-text\">\u201eWyna Valley Music Juniors\u201c<\/span> weiterlesen<\/a><\/p>\n","protected":false},"author":1,"featured_media":0,"parent":0,"menu_order":0,"comment_status":"closed","ping_status":"open","template":"","meta":{"footnotes":""},"class_list":["post-2","page","type-page","status-publish","hentry"],"_links":{"self":[{"href":"https:\/\/www.music-juniors.ch\/index.php?rest_route=\/wp\/v2\/pages\/2","targetHints":{"allow":["GET"]}}],"collection":[{"href":"https:\/\/www.music-juniors.ch\/index.php?rest_route=\/wp\/v2\/pages"}],"about":[{"href":"https:\/\/www.music-juniors.ch\/index.php?rest_route=\/wp\/v2\/types\/page"}],"author":[{"embeddable":true,"href":"https:\/\/www.music-juniors.ch\/index.php?rest_route=\/wp\/v2\/users\/1"}],"replies":[{"embeddable":true,"href":"https:\/\/www.music-juniors.ch\/index.php?rest_route=%2Fwp%2Fv2%2Fcomments&post=2"}],"version-history":[{"count":34,"href":"https:\/\/www.music-juniors.ch\/index.php?rest_route=\/wp\/v2\/pages\/2\/revisions"}],"predecessor-version":[{"id":111,"href":"https:\/\/www.music-juniors.ch\/index.php?rest_route=\/wp\/v2\/pages\/2\/revisions\/111"}],"wp:attachment":[{"href":"https:\/\/www.music-juniors.ch\/index.php?rest_route=%2Fwp%2Fv2%2Fmedia&parent=2"}],"curies":[{"name":"wp","href":"https:\/\/api.w.org\/{rel}","templated":true}]}}